{"id":1314,"date":"2023-11-02T11:44:42","date_gmt":"2023-11-02T10:44:42","guid":{"rendered":"https:\/\/a-rom.be\/?page_id=1314"},"modified":"2025-04-23T21:52:04","modified_gmt":"2025-04-23T19:52:04","slug":"a-propos","status":"publish","type":"page","link":"https:\/\/a-rom.be\/index.php\/a-propos\/","title":{"rendered":"A propos"},"content":{"rendered":"\t\t<div data-elementor-type=\"wp-page\" data-elementor-id=\"1314\" class=\"elementor elementor-1314\">\n\t\t\t\t<div class=\"elementor-element elementor-element-ec74eae e-flex e-con-boxed jltma-glass-effect-no e-con e-parent\" data-id=\"ec74eae\" data-element_type=\"container\" data-e-type=\"container\">\n\t\t\t\t\t<div class=\"e-con-inner\">\n\t\t<div class=\"elementor-element elementor-element-c0c0adb e-con-full e-flex jltma-glass-effect-no e-con e-child\" data-id=\"c0c0adb\" data-element_type=\"container\" data-e-type=\"container\">\n\t\t\t\t<div class=\"elementor-element elementor-element-f61445f jltma-glass-effect-no elementor-widget elementor-widget-heading\" data-id=\"f61445f\" data-element_type=\"widget\" data-e-type=\"widget\" data-widget_type=\"heading.default\">\n\t\t\t\t<div class=\"elementor-widget-container\">\n\t\t\t\t\t<h2 class=\"elementor-heading-title elementor-size-default\">A propos de moi \ud83c\udf1e\u200b<\/h2>\t\t\t\t<\/div>\n\t\t\t\t<\/div>\n\t\t\t\t<div class=\"elementor-element elementor-element-af8d744 jltma-glass-effect-no elementor-widget elementor-widget-text-editor\" data-id=\"af8d744\" data-element_type=\"widget\" data-e-type=\"widget\" data-widget_type=\"text-editor.default\">\n\t\t\t\t<div class=\"elementor-widget-container\">\n\t\t\t\t\t\t\t\t\t<p>Je m&#8217;appelle Romane, une passionn\u00e9e de 26 ans, dipl\u00f4m\u00e9e en massoth\u00e9rapie, proth\u00e9siste ongulaire, et esth\u00e9ticienne.<\/p><p>La massoth\u00e9rapie, c&#8217;est bien plus qu&#8217;une simple technique pour moi, c&#8217;est une v\u00e9ritable philosophie de vie. Mon objectif est de vous offrir une parenth\u00e8se de bien-\u00eatre, un voyage sensoriel o\u00f9 le stress s&#8217;\u00e9vapore et o\u00f9 l&#8217;harmonie int\u00e9rieure rena\u00eet.<\/p><p>En tant que proth\u00e9siste ongulaire, je mets mon expertise au service de la beaut\u00e9 de vos mains. Chaque ongle devient une toile que je sculpte avec passion, combinant cr\u00e9ativit\u00e9 et pr\u00e9cision pour vous offrir des r\u00e9sultats \u00e0 la hauteur de vos attentes.<\/p><p>L&#8217;esth\u00e9tique est un art que je ch\u00e9ris tout particuli\u00e8rement. Ma formation en esth\u00e9tique me permet de sublimer votre beaut\u00e9 naturelle et de mettre en valeur votre \u00e9clat unique. Avec des soins adapt\u00e9s, je vous accompagne dans votre qu\u00eate de bien-\u00eatre et de confiance en vous.<\/p><p>\u00c0 travers mon site, je souhaite partager avec vous mon univers, mes comp\u00e9tences, et surtout, vous inviter \u00e0 vivre une exp\u00e9rience de beaut\u00e9 et de relaxation inoubliable. N&#8217;h\u00e9sitez pas \u00e0 explorer les diff\u00e9rentes rubriques pour d\u00e9couvrir l&#8217;\u00e9tendue de mes services et \u00e0 me contacter pour r\u00e9server votre moment de d\u00e9tente et de beaut\u00e9 personnalis\u00e9.<\/p><p>Merci de faire partie de cette aventure, et au plaisir de vous accueillir prochainement dans mon espace d\u00e9di\u00e9 au bien-\u00eatre et \u00e0 la beaut\u00e9.<\/p>\t\t\t\t\t\t\t\t<\/div>\n\t\t\t\t<\/div>\n\t\t\t\t<\/div>\n\t\t<div class=\"elementor-element elementor-element-e088df9 e-con-full e-flex jltma-glass-effect-no e-con e-child\" data-id=\"e088df9\" data-element_type=\"container\" data-e-type=\"container\">\n\t\t\t\t<div class=\"elementor-element elementor-element-c8641a6 jltma-glass-effect-no elementor-widget elementor-widget-image\" data-id=\"c8641a6\" data-element_type=\"widget\" data-e-type=\"widget\" data-widget_type=\"image.default\">\n\t\t\t\t<div class=\"elementor-widget-container\">\n\t\t\t\t\t\t\t\t\t\t\t\t\t\t\t<img fetchpriority=\"high\" decoding=\"async\" width=\"683\" height=\"1024\" src=\"https:\/\/a-rom.be\/wp-content\/uploads\/2023\/11\/DSC0153-683x1024.jpg\" class=\"attachment-large size-large wp-image-1609\" alt=\"\" srcset=\"https:\/\/a-rom.be\/wp-content\/uploads\/2023\/11\/DSC0153-683x1024.jpg 683w, https:\/\/a-rom.be\/wp-content\/uploads\/2023\/11\/DSC0153-200x300.jpg 200w, https:\/\/a-rom.be\/wp-content\/uploads\/2023\/11\/DSC0153-768x1152.jpg 768w, https:\/\/a-rom.be\/wp-content\/uploads\/2023\/11\/DSC0153-1024x1536.jpg 1024w, https:\/\/a-rom.be\/wp-content\/uploads\/2023\/11\/DSC0153-1365x2048.jpg 1365w, https:\/\/a-rom.be\/wp-content\/uploads\/2023\/11\/DSC0153-scaled.jpg 1707w\" sizes=\"(max-width: 683px) 100vw, 683px\" \/>\t\t\t\t\t\t\t\t\t\t\t\t\t\t\t<\/div>\n\t\t\t\t<\/div>\n\t\t\t\t<\/div>\n\t\t\t\t\t<\/div>\n\t\t\t\t<\/div>\n\t\t<div class=\"elementor-element elementor-element-6fdf0cf e-flex e-con-boxed jltma-glass-effect-no e-con e-parent\" data-id=\"6fdf0cf\" data-element_type=\"container\" data-e-type=\"container\">\n\t\t\t\t\t<div class=\"e-con-inner\">\n\t\t\t\t<div class=\"elementor-element elementor-element-6bc2a23 elementor-widget-divider--view-line_icon elementor-view-default elementor-widget-divider--element-align-center jltma-glass-effect-no elementor-widget elementor-widget-divider\" data-id=\"6bc2a23\" data-element_type=\"widget\" data-e-type=\"widget\" data-widget_type=\"divider.default\">\n\t\t\t\t<div class=\"elementor-widget-container\">\n\t\t\t\t\t\t\t<div class=\"elementor-divider\">\n\t\t\t<span class=\"elementor-divider-separator\">\n\t\t\t\t\t\t\t<div class=\"elementor-icon elementor-divider__element\">\n\t\t\t\t\t<svg aria-hidden=\"true\" class=\"e-font-icon-svg e-fas-star\" viewBox=\"0 0 576 512\" xmlns=\"http:\/\/www.w3.org\/2000\/svg\"><path d=\"M259.3 17.8L194 150.2 47.9 171.5c-26.2 3.8-36.7 36.1-17.7 54.6l105.7 103-25 145.5c-4.5 26.3 23.2 46 46.4 33.7L288 439.6l130.7 68.7c23.2 12.2 50.9-7.4 46.4-33.7l-25-145.5 105.7-103c19-18.5 8.5-50.8-17.7-54.6L382 150.2 316.7 17.8c-11.7-23.6-45.6-23.9-57.4 0z\"><\/path><\/svg><\/div>\n\t\t\t\t\t\t<\/span>\n\t\t<\/div>\n\t\t\t\t\t\t<\/div>\n\t\t\t\t<\/div>\n\t\t\t\t\t<\/div>\n\t\t\t\t<\/div>\n\t\t\t\t<\/div>\n\t\t","protected":false},"excerpt":{"rendered":"<p>A propos de moi \ud83c\udf1e\u200b Je m&#8217;appelle Romane, une passionn\u00e9e de 26 ans, dipl\u00f4m\u00e9e en massoth\u00e9rapie, proth\u00e9siste ongulaire, et esth\u00e9ticienne. La massoth\u00e9rapie, c&#8217;est bien plus qu&#8217;une simple technique pour moi, c&#8217;est une v\u00e9ritable philosophie de vie. Mon objectif est de vous offrir une parenth\u00e8se de bien-\u00eatre, un voyage sensoriel o\u00f9 le stress s&#8217;\u00e9vapore et o\u00f9 [&hellip;]<\/p>\n","protected":false},"author":1,"featured_media":0,"parent":0,"menu_order":0,"comment_status":"closed","ping_status":"closed","template":"","meta":{"_eb_attr":"","ocean_post_layout":"","ocean_both_sidebars_style":"","ocean_both_sidebars_content_width":0,"ocean_both_sidebars_sidebars_width":0,"ocean_sidebar":"","ocean_second_sidebar":"","ocean_disable_margins":"enable","ocean_add_body_class":"","ocean_shortcode_before_top_bar":"","ocean_shortcode_after_top_bar":"","ocean_shortcode_before_header":"","ocean_shortcode_after_header":"","ocean_has_shortcode":"","ocean_shortcode_after_title":"","ocean_shortcode_before_footer_widgets":"","ocean_shortcode_after_footer_widgets":"","ocean_shortcode_before_footer_bottom":"","ocean_shortcode_after_footer_bottom":"","ocean_display_top_bar":"default","ocean_display_header":"default","ocean_header_style":"","ocean_center_header_left_menu":"","ocean_custom_header_template":"","ocean_custom_logo":0,"ocean_custom_retina_logo":0,"ocean_custom_logo_max_width":0,"ocean_custom_logo_tablet_max_width":0,"ocean_custom_logo_mobile_max_width":0,"ocean_custom_logo_max_height":0,"ocean_custom_logo_tablet_max_height":0,"ocean_custom_logo_mobile_max_height":0,"ocean_header_custom_menu":"","ocean_menu_typo_font_family":"","ocean_menu_typo_font_subset":"","ocean_menu_typo_font_size":0,"ocean_menu_typo_font_size_tablet":0,"ocean_menu_typo_font_size_mobile":0,"ocean_menu_typo_font_size_unit":"px","ocean_menu_typo_font_weight":"","ocean_menu_typo_font_weight_tablet":"","ocean_menu_typo_font_weight_mobile":"","ocean_menu_typo_transform":"","ocean_menu_typo_transform_tablet":"","ocean_menu_typo_transform_mobile":"","ocean_menu_typo_line_height":0,"ocean_menu_typo_line_height_tablet":0,"ocean_menu_typo_line_height_mobile":0,"ocean_menu_typo_line_height_unit":"","ocean_menu_typo_spacing":0,"ocean_menu_typo_spacing_tablet":0,"ocean_menu_typo_spacing_mobile":0,"ocean_menu_typo_spacing_unit":"","ocean_menu_link_color":"","ocean_menu_link_color_hover":"","ocean_menu_link_color_active":"","ocean_menu_link_background":"","ocean_menu_link_hover_background":"","ocean_menu_link_active_background":"","ocean_menu_social_links_bg":"","ocean_menu_social_hover_links_bg":"","ocean_menu_social_links_color":"","ocean_menu_social_hover_links_color":"","ocean_disable_title":"default","ocean_disable_heading":"default","ocean_post_title":"","ocean_post_subheading":"","ocean_post_title_style":"","ocean_post_title_background_color":"","ocean_post_title_background":0,"ocean_post_title_bg_image_position":"","ocean_post_title_bg_image_attachment":"","ocean_post_title_bg_image_repeat":"","ocean_post_title_bg_image_size":"","ocean_post_title_height":0,"ocean_post_title_bg_overlay":0.5,"ocean_post_title_bg_overlay_color":"","ocean_disable_breadcrumbs":"default","ocean_breadcrumbs_color":"","ocean_breadcrumbs_separator_color":"","ocean_breadcrumbs_links_color":"","ocean_breadcrumbs_links_hover_color":"","ocean_display_footer_widgets":"default","ocean_display_footer_bottom":"default","ocean_custom_footer_template":"","footnotes":""},"class_list":["post-1314","page","type-page","status-publish","hentry","entry"],"_links":{"self":[{"href":"https:\/\/a-rom.be\/index.php\/wp-json\/wp\/v2\/pages\/1314","targetHints":{"allow":["GET"]}}],"collection":[{"href":"https:\/\/a-rom.be\/index.php\/wp-json\/wp\/v2\/pages"}],"about":[{"href":"https:\/\/a-rom.be\/index.php\/wp-json\/wp\/v2\/types\/page"}],"author":[{"embeddable":true,"href":"https:\/\/a-rom.be\/index.php\/wp-json\/wp\/v2\/users\/1"}],"replies":[{"embeddable":true,"href":"https:\/\/a-rom.be\/index.php\/wp-json\/wp\/v2\/comments?post=1314"}],"version-history":[{"count":34,"href":"https:\/\/a-rom.be\/index.php\/wp-json\/wp\/v2\/pages\/1314\/revisions"}],"predecessor-version":[{"id":1901,"href":"https:\/\/a-rom.be\/index.php\/wp-json\/wp\/v2\/pages\/1314\/revisions\/1901"}],"wp:attachment":[{"href":"https:\/\/a-rom.be\/index.php\/wp-json\/wp\/v2\/media?parent=1314"}],"curies":[{"name":"wp","href":"https:\/\/api.w.org\/{rel}","templated":true}]}}