{"id":1318,"date":"2023-11-02T11:45:18","date_gmt":"2023-11-02T10:45:18","guid":{"rendered":"https:\/\/a-rom.be\/?page_id=1318"},"modified":"2025-01-24T15:13:58","modified_gmt":"2025-01-24T14:13:58","slug":"contact","status":"publish","type":"page","link":"https:\/\/a-rom.be\/index.php\/contact\/","title":{"rendered":"Contact"},"content":{"rendered":"\t\t<div data-elementor-type=\"wp-page\" data-elementor-id=\"1318\" class=\"elementor elementor-1318\">\n\t\t\t\t<div class=\"elementor-element elementor-element-cff8e1a e-flex e-con-boxed jltma-glass-effect-no e-con e-parent\" data-id=\"cff8e1a\" data-element_type=\"container\" data-e-type=\"container\">\n\t\t\t\t\t<div class=\"e-con-inner\">\n\t\t<div class=\"elementor-element elementor-element-8893864 e-con-full e-flex jltma-glass-effect-no e-con e-child\" data-id=\"8893864\" data-element_type=\"container\" data-e-type=\"container\">\n\t\t\t\t<div class=\"elementor-element elementor-element-32b5aea jltma-glass-effect-no elementor-widget elementor-widget-formidable\" data-id=\"32b5aea\" data-element_type=\"widget\" data-e-type=\"widget\" data-widget_type=\"formidable.default\">\n\t\t\t\t<div class=\"elementor-widget-container\">\n\t\t\t\t\t<div class=\"frm_forms  with_frm_style frm_style_style-formidable\" id=\"frm_form_2_container\" data-token=\"1f3c0c6caae6dbc82ac26c03ef1b2be8\">\n<form enctype=\"multipart\/form-data\" method=\"post\" class=\"frm-show-form \" id=\"form_contact\" data-token=\"1f3c0c6caae6dbc82ac26c03ef1b2be8\">\n<div class=\"frm_form_fields \">\n<fieldset>\n<legend class=\"frm_screen_reader\">Contact<\/legend>\r\n\r\n<div class=\"frm_fields_container\">\n<input type=\"hidden\" name=\"frm_action\" value=\"create\" \/>\n<input type=\"hidden\" name=\"form_id\" value=\"2\" \/>\n<input type=\"hidden\" name=\"frm_hide_fields_2\" id=\"frm_hide_fields_2\" value=\"\" \/>\n<input type=\"hidden\" name=\"form_key\" value=\"contact\" \/>\n<input type=\"hidden\" name=\"item_meta[0]\" value=\"\" \/>\n<input type=\"hidden\" id=\"frm_submit_entry_2\" name=\"frm_submit_entry_2\" value=\"eb521d3f05\" \/><input type=\"hidden\" name=\"_wp_http_referer\" value=\"\/index.php\/wp-json\/wp\/v2\/pages\/1318\" \/><div id=\"frm_field_6_container\" class=\"frm_form_field form-field  frm_required_field frm_top_container frm6 frm_first\">\r\n    <label for=\"field_4o48n\" id=\"field_4o48n_label\" class=\"frm_primary_label\">Pr\u00e9nom\r\n        <span class=\"frm_required\" aria-hidden=\"true\">*<\/span>\r\n    <\/label>\r\n    <input type=\"text\" id=\"field_4o48n\" name=\"item_meta[6]\" value=\"\"  data-reqmsg=\"Pr\u00e9nom cannot be blank.\" aria-required=\"true\" data-invmsg=\"texte est non valide\" aria-invalid=\"false\"  \/>\r\n    \r\n    \r\n<\/div>\n<div id=\"frm_field_7_container\" class=\"frm_form_field form-field  frm_required_field frm_top_container frm6\">\r\n    <label for=\"field_aria7\" id=\"field_aria7_label\" class=\"frm_primary_label\">Nom\r\n        <span class=\"frm_required\" aria-hidden=\"true\">*<\/span>\r\n    <\/label>\r\n    <input type=\"text\" id=\"field_aria7\" name=\"item_meta[7]\" value=\"\"  data-reqmsg=\"Nom cannot be blank.\" aria-required=\"true\" data-invmsg=\"texte est non valide\" aria-invalid=\"false\"  \/>\r\n    \r\n    \r\n<\/div>\n<div id=\"frm_field_8_container\" class=\"frm_form_field form-field  frm_required_field frm_top_container\">\r\n    <label for=\"field_1zdyk\" id=\"field_1zdyk_label\" class=\"frm_primary_label\">Email\r\n        <span class=\"frm_required\" aria-hidden=\"true\">*<\/span>\r\n    <\/label>\r\n    <input type=\"email\" id=\"field_1zdyk\" name=\"item_meta[8]\" value=\"\"  data-reqmsg=\"Email cannot be blank.\" aria-required=\"true\" data-invmsg=\"Email est non valide\" aria-invalid=\"false\"  \/>\r\n    \r\n    \r\n<\/div>\n<div id=\"frm_field_10_container\" class=\"frm_form_field form-field  frm_required_field frm_top_container\">\r\n    <label for=\"field_i0k7k\" id=\"field_i0k7k_label\" class=\"frm_primary_label\">T\u00e9l\u00e9phone\r\n        <span class=\"frm_required\" aria-hidden=\"true\">*<\/span>\r\n    <\/label>\r\n    <input type=\"tel\" id=\"field_i0k7k\" name=\"item_meta[10]\" value=\"\"  data-reqmsg=\"T\u00e9l\u00e9phone cannot be blank.\" aria-required=\"true\" data-invmsg=\"T\u00e9l\u00e9phone est non valide\" aria-invalid=\"false\" pattern=\"((\\+\\d{1,3}(-|.| )?\\(?\\d\\)?(-| |.)?\\d{1,5})|(\\(?\\d{2,6}\\)?))(-|.| )?(\\d{3,4})(-|.| )?(\\d{4})(( x| ext)\\d{1,5}){0,1}$\"  \/>\r\n    \r\n    \r\n<\/div>\n<div id=\"frm_field_9_container\" class=\"frm_form_field form-field  frm_top_container frm12 frm_first\">\r\n    <label for=\"field_at949\" id=\"field_at949_label\" class=\"frm_primary_label\">Message\r\n        <span class=\"frm_required\" aria-hidden=\"true\"><\/span>\r\n    <\/label>\r\n    <textarea name=\"item_meta[9]\" id=\"field_at949\" rows=\"5\"  data-invmsg=\"Message is invalid\" aria-invalid=\"false\"  ><\/textarea>\r\n    \r\n    \r\n<\/div>\n<div id=\"frm_field_11_container\" class=\"frm_form_field form-field \">\n\t<div class=\"frm_submit\">\r\n\r\n<button class=\"frm_button_submit\" type=\"submit\"  >Envoyer<\/button>\r\n\r\n\r\n<\/div>\n<\/div>\n\t<input type=\"hidden\" name=\"item_key\" value=\"\" \/>\n\t\t\t<div id=\"frm_field_12_container\">\n\t\t\t<label for=\"field_gwixu\" >\n\t\t\t\tIf you are human, leave this field blank.\t\t\t<\/label>\n\t\t\t<input  id=\"field_gwixu\" type=\"text\" class=\"frm_form_field form-field frm_verify\" name=\"item_meta[12]\" value=\"\"  \/>\n\t\t<\/div>\n\t\t<input name=\"frm_state\" type=\"hidden\" value=\"14KsQ3oUwAtHbPNwfsk6mUjsE6BtbAQh9UpsPXmQZMg=\" \/><\/div>\n<\/fieldset>\n<\/div>\n\n<\/form>\n<\/div>\n\t\t\t\t<\/div>\n\t\t\t\t<\/div>\n\t\t\t\t<\/div>\n\t\t<div class=\"elementor-element elementor-element-f7aea96 e-con-full e-flex jltma-glass-effect-no e-con e-child\" data-id=\"f7aea96\" data-element_type=\"container\" data-e-type=\"container\">\n\t\t<div class=\"elementor-element elementor-element-463cbe7 e-flex e-con-boxed jltma-glass-effect-no e-con e-child\" data-id=\"463cbe7\" data-element_type=\"container\" data-e-type=\"container\">\n\t\t\t\t\t<div class=\"e-con-inner\">\n\t\t\t\t<div class=\"elementor-element elementor-element-72b7a31 jltma-glass-effect-no elementor-widget elementor-widget-heading\" data-id=\"72b7a31\" data-element_type=\"widget\" data-e-type=\"widget\" data-widget_type=\"heading.default\">\n\t\t\t\t<div class=\"elementor-widget-container\">\n\t\t\t\t\t<h2 class=\"elementor-heading-title elementor-size-medium\">N'h\u00e9sitez pas \u00e0 me contacter si vous avez besoin de plus<br><br> d'informations ou si vous souhaitez prendre rendez-vous !<br><br>Je me ferai un plaisir de vous r\u00e9pondre \ud83d\ude42<\/h2>\t\t\t\t<\/div>\n\t\t\t\t<\/div>\n\t\t\t\t\t<\/div>\n\t\t\t\t<\/div>\n\t\t<div class=\"elementor-element elementor-element-24f2692 e-flex e-con-boxed jltma-glass-effect-no e-con e-child\" data-id=\"24f2692\" data-element_type=\"container\" data-e-type=\"container\">\n\t\t\t\t\t<div class=\"e-con-inner\">\n\t\t\t\t<div class=\"elementor-element elementor-element-8515dc9 elementor-position-inline-start elementor-view-default elementor-mobile-position-block-start jltma-glass-effect-no elementor-widget elementor-widget-icon-box\" data-id=\"8515dc9\" data-element_type=\"widget\" data-e-type=\"widget\" data-widget_type=\"icon-box.default\">\n\t\t\t\t<div class=\"elementor-widget-container\">\n\t\t\t\t\t\t\t<div class=\"elementor-icon-box-wrapper\">\n\n\t\t\t\t\t\t<div class=\"elementor-icon-box-icon\">\n\t\t\t\t<span  class=\"elementor-icon\">\n\t\t\t\t<svg aria-hidden=\"true\" class=\"e-font-icon-svg e-fas-phone-alt\" viewBox=\"0 0 512 512\" xmlns=\"http:\/\/www.w3.org\/2000\/svg\"><path d=\"M497.39 361.8l-112-48a24 24 0 0 0-28 6.9l-49.6 60.6A370.66 370.66 0 0 1 130.6 204.11l60.6-49.6a23.94 23.94 0 0 0 6.9-28l-48-112A24.16 24.16 0 0 0 122.6.61l-104 24A24 24 0 0 0 0 48c0 256.5 207.9 464 464 464a24 24 0 0 0 23.4-18.6l24-104a24.29 24.29 0 0 0-14.01-27.6z\"><\/path><\/svg>\t\t\t\t<\/span>\n\t\t\t<\/div>\n\t\t\t\n\t\t\t\t\t\t<div class=\"elementor-icon-box-content\">\n\n\t\t\t\t\t\t\t\t\t<h3 class=\"elementor-icon-box-title\">\n\t\t\t\t\t\t<span  >\n\t\t\t\t\t\t\t04\/91.36.05.52\t\t\t\t\t\t<\/span>\n\t\t\t\t\t<\/h3>\n\t\t\t\t\n\t\t\t\t\n\t\t\t<\/div>\n\t\t\t\n\t\t<\/div>\n\t\t\t\t\t\t<\/div>\n\t\t\t\t<\/div>\n\t\t\t\t<div class=\"elementor-element elementor-element-ef3b531 elementor-position-inline-start elementor-view-default elementor-mobile-position-block-start jltma-glass-effect-no elementor-widget elementor-widget-icon-box\" data-id=\"ef3b531\" data-element_type=\"widget\" data-e-type=\"widget\" data-widget_type=\"icon-box.default\">\n\t\t\t\t<div class=\"elementor-widget-container\">\n\t\t\t\t\t\t\t<div class=\"elementor-icon-box-wrapper\">\n\n\t\t\t\t\t\t<div class=\"elementor-icon-box-icon\">\n\t\t\t\t<span  class=\"elementor-icon\">\n\t\t\t\t<svg aria-hidden=\"true\" class=\"e-font-icon-svg e-fas-envelope\" viewBox=\"0 0 512 512\" xmlns=\"http:\/\/www.w3.org\/2000\/svg\"><path d=\"M502.3 190.8c3.9-3.1 9.7-.2 9.7 4.7V400c0 26.5-21.5 48-48 48H48c-26.5 0-48-21.5-48-48V195.6c0-5 5.7-7.8 9.7-4.7 22.4 17.4 52.1 39.5 154.1 113.6 21.1 15.4 56.7 47.8 92.2 47.6 35.7.3 72-32.8 92.3-47.6 102-74.1 131.6-96.3 154-113.7zM256 320c23.2.4 56.6-29.2 73.4-41.4 132.7-96.3 142.8-104.7 173.4-128.7 5.8-4.5 9.2-11.5 9.2-18.9v-19c0-26.5-21.5-48-48-48H48C21.5 64 0 85.5 0 112v19c0 7.4 3.4 14.3 9.2 18.9 30.6 23.9 40.7 32.4 173.4 128.7 16.8 12.2 50.2 41.8 73.4 41.4z\"><\/path><\/svg>\t\t\t\t<\/span>\n\t\t\t<\/div>\n\t\t\t\n\t\t\t\t\t\t<div class=\"elementor-icon-box-content\">\n\n\t\t\t\t\t\t\t\t\t<h3 class=\"elementor-icon-box-title\">\n\t\t\t\t\t\t<span  >\n\t\t\t\t\t\t\tinfo@a-rom.be\t\t\t\t\t\t<\/span>\n\t\t\t\t\t<\/h3>\n\t\t\t\t\n\t\t\t\t\n\t\t\t<\/div>\n\t\t\t\n\t\t<\/div>\n\t\t\t\t\t\t<\/div>\n\t\t\t\t<\/div>\n\t\t\t\t<div class=\"elementor-element elementor-element-2c55b9a elementor-shape-circle elementor-grid-0 e-grid-align-center jltma-glass-effect-no elementor-widget elementor-widget-social-icons\" data-id=\"2c55b9a\" data-element_type=\"widget\" data-e-type=\"widget\" data-widget_type=\"social-icons.default\">\n\t\t\t\t<div class=\"elementor-widget-container\">\n\t\t\t\t\t\t\t<div class=\"elementor-social-icons-wrapper elementor-grid\" role=\"list\">\n\t\t\t\t\t\t\t<span class=\"elementor-grid-item\" role=\"listitem\">\n\t\t\t\t\t<a class=\"elementor-icon elementor-social-icon elementor-social-icon-facebook elementor-repeater-item-cb561f9\" href=\"https:\/\/www.facebook.com\/profile.php?id=61553167404274\" target=\"_blank\">\n\t\t\t\t\t\t<span class=\"elementor-screen-only\">Facebook<\/span>\n\t\t\t\t\t\t<svg aria-hidden=\"true\" class=\"e-font-icon-svg e-fab-facebook\" viewBox=\"0 0 512 512\" xmlns=\"http:\/\/www.w3.org\/2000\/svg\"><path d=\"M504 256C504 119 393 8 256 8S8 119 8 256c0 123.78 90.69 226.38 209.25 245V327.69h-63V256h63v-54.64c0-62.15 37-96.48 93.67-96.48 27.14 0 55.52 4.84 55.52 4.84v61h-31.28c-30.8 0-40.41 19.12-40.41 38.73V256h68.78l-11 71.69h-57.78V501C413.31 482.38 504 379.78 504 256z\"><\/path><\/svg>\t\t\t\t\t<\/a>\n\t\t\t\t<\/span>\n\t\t\t\t\t\t\t<span class=\"elementor-grid-item\" role=\"listitem\">\n\t\t\t\t\t<a class=\"elementor-icon elementor-social-icon elementor-social-icon-instagram elementor-repeater-item-77de9ed\" href=\"https:\/\/www.instagram.com\/a_rom_bien_etre\/?fbclid=IwAR1MI_WdiJmGExXRWWIjjeBLssKfw0DASsh7nv8FeYdiae9svN_MeAwSk84\" target=\"_blank\">\n\t\t\t\t\t\t<span class=\"elementor-screen-only\">Instagram<\/span>\n\t\t\t\t\t\t<svg aria-hidden=\"true\" class=\"e-font-icon-svg e-fab-instagram\" viewBox=\"0 0 448 512\" xmlns=\"http:\/\/www.w3.org\/2000\/svg\"><path d=\"M224.1 141c-63.6 0-114.9 51.3-114.9 114.9s51.3 114.9 114.9 114.9S339 319.5 339 255.9 287.7 141 224.1 141zm0 189.6c-41.1 0-74.7-33.5-74.7-74.7s33.5-74.7 74.7-74.7 74.7 33.5 74.7 74.7-33.6 74.7-74.7 74.7zm146.4-194.3c0 14.9-12 26.8-26.8 26.8-14.9 0-26.8-12-26.8-26.8s12-26.8 26.8-26.8 26.8 12 26.8 26.8zm76.1 27.2c-1.7-35.9-9.9-67.7-36.2-93.9-26.2-26.2-58-34.4-93.9-36.2-37-2.1-147.9-2.1-184.9 0-35.8 1.7-67.6 9.9-93.9 36.1s-34.4 58-36.2 93.9c-2.1 37-2.1 147.9 0 184.9 1.7 35.9 9.9 67.7 36.2 93.9s58 34.4 93.9 36.2c37 2.1 147.9 2.1 184.9 0 35.9-1.7 67.7-9.9 93.9-36.2 26.2-26.2 34.4-58 36.2-93.9 2.1-37 2.1-147.8 0-184.8zM398.8 388c-7.8 19.6-22.9 34.7-42.6 42.6-29.5 11.7-99.5 9-132.1 9s-102.7 2.6-132.1-9c-19.6-7.8-34.7-22.9-42.6-42.6-11.7-29.5-9-99.5-9-132.1s-2.6-102.7 9-132.1c7.8-19.6 22.9-34.7 42.6-42.6 29.5-11.7 99.5-9 132.1-9s102.7-2.6 132.1 9c19.6 7.8 34.7 22.9 42.6 42.6 11.7 29.5 9 99.5 9 132.1s2.7 102.7-9 132.1z\"><\/path><\/svg>\t\t\t\t\t<\/a>\n\t\t\t\t<\/span>\n\t\t\t\t\t<\/div>\n\t\t\t\t\t\t<\/div>\n\t\t\t\t<\/div>\n\t\t\t\t\t<\/div>\n\t\t\t\t<\/div>\n\t\t\t\t<\/div>\n\t\t\t\t\t<\/div>\n\t\t\t\t<\/div>\n\t\t<div class=\"elementor-element elementor-element-9368aed e-flex e-con-boxed jltma-glass-effect-no e-con e-parent\" data-id=\"9368aed\" data-element_type=\"container\" data-e-type=\"container\">\n\t\t\t\t\t<div class=\"e-con-inner\">\n\t\t\t\t<div class=\"elementor-element elementor-element-2b3ae80 jltma-glass-effect-no elementor-widget elementor-widget-image-gallery\" data-id=\"2b3ae80\" data-element_type=\"widget\" data-e-type=\"widget\" data-widget_type=\"image-gallery.default\">\n\t\t\t\t<div class=\"elementor-widget-container\">\n\t\t\t\t\t\t\t<div class=\"elementor-image-gallery\">\n\t\t\t<div id='gallery-1' class='gallery galleryid-1318 gallery-columns-4 gallery-size-thumbnail'><figure class='gallery-item'>\n\t\t\t<div class='gallery-icon landscape'>\n\t\t\t\t<a data-elementor-open-lightbox=\"yes\" data-elementor-lightbox-slideshow=\"2b3ae80\" data-elementor-lightbox-title=\"2023-11-03 14_53_41-@a_rom_bien_etre \u2022 Photos et vid\u00e9os Instagram et 7 pages de plus - Travail \u2013 Mic\" data-e-action-hash=\"#elementor-action%3Aaction%3Dlightbox%26settings%3DeyJpZCI6MTQ4NSwidXJsIjoiaHR0cHM6XC9cL2Etcm9tLmJlXC93cC1jb250ZW50XC91cGxvYWRzXC8yMDIzXC8xMVwvMjAyMy0xMS0wMy0xNF81M180MS1AYV9yb21fYmllbl9ldHJlLVx1MjAyMi1QaG90b3MtZXQtdmlkZW9zLUluc3RhZ3JhbS1ldC03LXBhZ2VzLWRlLXBsdXMtVHJhdmFpbC1cdTIwMTMtTWljLnBuZyIsInNsaWRlc2hvdyI6IjJiM2FlODAifQ%3D%3D\" href='https:\/\/a-rom.be\/wp-content\/uploads\/2023\/11\/2023-11-03-14_53_41-@a_rom_bien_etre-\u2022-Photos-et-videos-Instagram-et-7-pages-de-plus-Travail-\u2013-Mic.png'><img decoding=\"async\" width=\"150\" height=\"150\" src=\"https:\/\/a-rom.be\/wp-content\/uploads\/2023\/11\/2023-11-03-14_53_41-@a_rom_bien_etre-\u2022-Photos-et-videos-Instagram-et-7-pages-de-plus-Travail-\u2013-Mic-150x150.png\" class=\"attachment-thumbnail size-thumbnail\" alt=\"\" srcset=\"https:\/\/a-rom.be\/wp-content\/uploads\/2023\/11\/2023-11-03-14_53_41-@a_rom_bien_etre-\u2022-Photos-et-videos-Instagram-et-7-pages-de-plus-Travail-\u2013-Mic-150x150.png 150w, https:\/\/a-rom.be\/wp-content\/uploads\/2023\/11\/2023-11-03-14_53_41-@a_rom_bien_etre-\u2022-Photos-et-videos-Instagram-et-7-pages-de-plus-Travail-\u2013-Mic-300x300.png 300w, https:\/\/a-rom.be\/wp-content\/uploads\/2023\/11\/2023-11-03-14_53_41-@a_rom_bien_etre-\u2022-Photos-et-videos-Instagram-et-7-pages-de-plus-Travail-\u2013-Mic-768x765.png 768w, https:\/\/a-rom.be\/wp-content\/uploads\/2023\/11\/2023-11-03-14_53_41-@a_rom_bien_etre-\u2022-Photos-et-videos-Instagram-et-7-pages-de-plus-Travail-\u2013-Mic-600x600.png 600w, https:\/\/a-rom.be\/wp-content\/uploads\/2023\/11\/2023-11-03-14_53_41-@a_rom_bien_etre-\u2022-Photos-et-videos-Instagram-et-7-pages-de-plus-Travail-\u2013-Mic.png 928w\" sizes=\"(max-width: 150px) 100vw, 150px\" \/><\/a>\n\t\t\t<\/div><\/figure><figure class='gallery-item'>\n\t\t\t<div class='gallery-icon landscape'>\n\t\t\t\t<a data-elementor-open-lightbox=\"yes\" data-elementor-lightbox-slideshow=\"2b3ae80\" data-elementor-lightbox-title=\"2023-11-03 14_54_11-@a_rom_bien_etre \u2022 Photos et vid\u00e9os Instagram et 7 pages de plus - Travail \u2013 Mic\" data-e-action-hash=\"#elementor-action%3Aaction%3Dlightbox%26settings%3DeyJpZCI6MTQ4NiwidXJsIjoiaHR0cHM6XC9cL2Etcm9tLmJlXC93cC1jb250ZW50XC91cGxvYWRzXC8yMDIzXC8xMVwvMjAyMy0xMS0wMy0xNF81NF8xMS1AYV9yb21fYmllbl9ldHJlLVx1MjAyMi1QaG90b3MtZXQtdmlkZW9zLUluc3RhZ3JhbS1ldC03LXBhZ2VzLWRlLXBsdXMtVHJhdmFpbC1cdTIwMTMtTWljLnBuZyIsInNsaWRlc2hvdyI6IjJiM2FlODAifQ%3D%3D\" href='https:\/\/a-rom.be\/wp-content\/uploads\/2023\/11\/2023-11-03-14_54_11-@a_rom_bien_etre-\u2022-Photos-et-videos-Instagram-et-7-pages-de-plus-Travail-\u2013-Mic.png'><img decoding=\"async\" width=\"150\" height=\"150\" src=\"https:\/\/a-rom.be\/wp-content\/uploads\/2023\/11\/2023-11-03-14_54_11-@a_rom_bien_etre-\u2022-Photos-et-videos-Instagram-et-7-pages-de-plus-Travail-\u2013-Mic-150x150.png\" class=\"attachment-thumbnail size-thumbnail\" alt=\"\" srcset=\"https:\/\/a-rom.be\/wp-content\/uploads\/2023\/11\/2023-11-03-14_54_11-@a_rom_bien_etre-\u2022-Photos-et-videos-Instagram-et-7-pages-de-plus-Travail-\u2013-Mic-150x150.png 150w, https:\/\/a-rom.be\/wp-content\/uploads\/2023\/11\/2023-11-03-14_54_11-@a_rom_bien_etre-\u2022-Photos-et-videos-Instagram-et-7-pages-de-plus-Travail-\u2013-Mic-300x300.png 300w, https:\/\/a-rom.be\/wp-content\/uploads\/2023\/11\/2023-11-03-14_54_11-@a_rom_bien_etre-\u2022-Photos-et-videos-Instagram-et-7-pages-de-plus-Travail-\u2013-Mic-768x766.png 768w, https:\/\/a-rom.be\/wp-content\/uploads\/2023\/11\/2023-11-03-14_54_11-@a_rom_bien_etre-\u2022-Photos-et-videos-Instagram-et-7-pages-de-plus-Travail-\u2013-Mic-600x600.png 600w, https:\/\/a-rom.be\/wp-content\/uploads\/2023\/11\/2023-11-03-14_54_11-@a_rom_bien_etre-\u2022-Photos-et-videos-Instagram-et-7-pages-de-plus-Travail-\u2013-Mic.png 931w\" sizes=\"(max-width: 150px) 100vw, 150px\" \/><\/a>\n\t\t\t<\/div><\/figure><figure class='gallery-item'>\n\t\t\t<div class='gallery-icon portrait'>\n\t\t\t\t<a data-elementor-open-lightbox=\"yes\" data-elementor-lightbox-slideshow=\"2b3ae80\" data-elementor-lightbox-title=\"2023-11-03 14_54_46-@a_rom_bien_etre \u2022 Photos et vid\u00e9os Instagram et 7 pages de plus - Travail \u2013 Mic\" data-e-action-hash=\"#elementor-action%3Aaction%3Dlightbox%26settings%3DeyJpZCI6MTQ4NywidXJsIjoiaHR0cHM6XC9cL2Etcm9tLmJlXC93cC1jb250ZW50XC91cGxvYWRzXC8yMDIzXC8xMVwvMjAyMy0xMS0wMy0xNF81NF80Ni1AYV9yb21fYmllbl9ldHJlLVx1MjAyMi1QaG90b3MtZXQtdmlkZW9zLUluc3RhZ3JhbS1ldC03LXBhZ2VzLWRlLXBsdXMtVHJhdmFpbC1cdTIwMTMtTWljLnBuZyIsInNsaWRlc2hvdyI6IjJiM2FlODAifQ%3D%3D\" href='https:\/\/a-rom.be\/wp-content\/uploads\/2023\/11\/2023-11-03-14_54_46-@a_rom_bien_etre-\u2022-Photos-et-videos-Instagram-et-7-pages-de-plus-Travail-\u2013-Mic.png'><img decoding=\"async\" width=\"150\" height=\"150\" src=\"https:\/\/a-rom.be\/wp-content\/uploads\/2023\/11\/2023-11-03-14_54_46-@a_rom_bien_etre-\u2022-Photos-et-videos-Instagram-et-7-pages-de-plus-Travail-\u2013-Mic-150x150.png\" class=\"attachment-thumbnail size-thumbnail\" alt=\"\" srcset=\"https:\/\/a-rom.be\/wp-content\/uploads\/2023\/11\/2023-11-03-14_54_46-@a_rom_bien_etre-\u2022-Photos-et-videos-Instagram-et-7-pages-de-plus-Travail-\u2013-Mic-150x150.png 150w, https:\/\/a-rom.be\/wp-content\/uploads\/2023\/11\/2023-11-03-14_54_46-@a_rom_bien_etre-\u2022-Photos-et-videos-Instagram-et-7-pages-de-plus-Travail-\u2013-Mic-300x300.png 300w, https:\/\/a-rom.be\/wp-content\/uploads\/2023\/11\/2023-11-03-14_54_46-@a_rom_bien_etre-\u2022-Photos-et-videos-Instagram-et-7-pages-de-plus-Travail-\u2013-Mic-768x769.png 768w, https:\/\/a-rom.be\/wp-content\/uploads\/2023\/11\/2023-11-03-14_54_46-@a_rom_bien_etre-\u2022-Photos-et-videos-Instagram-et-7-pages-de-plus-Travail-\u2013-Mic-600x600.png 600w, https:\/\/a-rom.be\/wp-content\/uploads\/2023\/11\/2023-11-03-14_54_46-@a_rom_bien_etre-\u2022-Photos-et-videos-Instagram-et-7-pages-de-plus-Travail-\u2013-Mic.png 929w\" sizes=\"(max-width: 150px) 100vw, 150px\" \/><\/a>\n\t\t\t<\/div><\/figure><figure class='gallery-item'>\n\t\t\t<div class='gallery-icon portrait'>\n\t\t\t\t<a data-elementor-open-lightbox=\"yes\" data-elementor-lightbox-slideshow=\"2b3ae80\" data-elementor-lightbox-title=\"2023-11-03 14_55_38-@a_rom_bien_etre \u2022 Photos et vid\u00e9os Instagram et 7 pages de plus - Travail \u2013 Mic\" data-e-action-hash=\"#elementor-action%3Aaction%3Dlightbox%26settings%3DeyJpZCI6MTQ4OCwidXJsIjoiaHR0cHM6XC9cL2Etcm9tLmJlXC93cC1jb250ZW50XC91cGxvYWRzXC8yMDIzXC8xMVwvMjAyMy0xMS0wMy0xNF81NV8zOC1AYV9yb21fYmllbl9ldHJlLVx1MjAyMi1QaG90b3MtZXQtdmlkZW9zLUluc3RhZ3JhbS1ldC03LXBhZ2VzLWRlLXBsdXMtVHJhdmFpbC1cdTIwMTMtTWljLnBuZyIsInNsaWRlc2hvdyI6IjJiM2FlODAifQ%3D%3D\" href='https:\/\/a-rom.be\/wp-content\/uploads\/2023\/11\/2023-11-03-14_55_38-@a_rom_bien_etre-\u2022-Photos-et-videos-Instagram-et-7-pages-de-plus-Travail-\u2013-Mic.png'><img loading=\"lazy\" decoding=\"async\" width=\"150\" height=\"150\" src=\"https:\/\/a-rom.be\/wp-content\/uploads\/2023\/11\/2023-11-03-14_55_38-@a_rom_bien_etre-\u2022-Photos-et-videos-Instagram-et-7-pages-de-plus-Travail-\u2013-Mic-150x150.png\" class=\"attachment-thumbnail size-thumbnail\" alt=\"\" srcset=\"https:\/\/a-rom.be\/wp-content\/uploads\/2023\/11\/2023-11-03-14_55_38-@a_rom_bien_etre-\u2022-Photos-et-videos-Instagram-et-7-pages-de-plus-Travail-\u2013-Mic-150x150.png 150w, https:\/\/a-rom.be\/wp-content\/uploads\/2023\/11\/2023-11-03-14_55_38-@a_rom_bien_etre-\u2022-Photos-et-videos-Instagram-et-7-pages-de-plus-Travail-\u2013-Mic-600x600.png 600w\" sizes=\"(max-width: 150px) 100vw, 150px\" \/><\/a>\n\t\t\t<\/div><\/figure>\n\t\t<\/div>\n\t\t<\/div>\n\t\t\t\t\t\t<\/div>\n\t\t\t\t<\/div>\n\t\t\t\t\t<\/div>\n\t\t\t\t<\/div>\n\t\t<div class=\"elementor-element elementor-element-5fed3d1 e-flex e-con-boxed jltma-glass-effect-no e-con e-parent\" data-id=\"5fed3d1\" data-element_type=\"container\" data-e-type=\"container\">\n\t\t\t\t\t<div class=\"e-con-inner\">\n\t\t\t\t<div class=\"elementor-element elementor-element-bbe6f3b jltma-glass-effect-no elementor-widget elementor-widget-google_maps\" data-id=\"bbe6f3b\" data-element_type=\"widget\" data-e-type=\"widget\" data-widget_type=\"google_maps.default\">\n\t\t\t\t<div class=\"elementor-widget-container\">\n\t\t\t\t\t\t\t<div class=\"elementor-custom-embed\">\n\t\t\t<iframe loading=\"lazy\"\n\t\t\t\t\tsrc=\"https:\/\/maps.google.com\/maps?q=Rue%20louis%20de%20brouck%C3%A9re%2027%2C%204420%20Montegn%C3%A9e&#038;t=m&#038;z=10&#038;output=embed&#038;iwloc=near\"\n\t\t\t\t\ttitle=\"Rue louis de brouck\u00e9re 27, 4420 Montegn\u00e9e\"\n\t\t\t\t\taria-label=\"Rue louis de brouck\u00e9re 27, 4420 Montegn\u00e9e\"\n\t\t\t><\/iframe>\n\t\t<\/div>\n\t\t\t\t\t\t<\/div>\n\t\t\t\t<\/div>\n\t\t\t\t\t<\/div>\n\t\t\t\t<\/div>\n\t\t\t\t<\/div>\n\t\t","protected":false},"excerpt":{"rendered":"<p>Contact Pr\u00e9nom * Nom * Email * T\u00e9l\u00e9phone * Message Si vous \u00eates un humain, ne remplissez pas ce champ. Envoyer N&#8217;h\u00e9sitez pas \u00e0 me contacter si vous avez besoin de plus d&#8217;informations ou si vous souhaitez prendre rendez-vous ! Je me ferai un plaisir de vous r\u00e9pondre \ud83d\ude42 04\/91.36.05.52 info@a-rom.be Facebook Instagram<\/p>\n","protected":false},"author":1,"featured_media":0,"parent":0,"menu_order":0,"comment_status":"closed","ping_status":"closed","template":"elementor_header_footer","meta":{"_eb_attr":"","ocean_post_layout":"","ocean_both_sidebars_style":"","ocean_both_sidebars_content_width":0,"ocean_both_sidebars_sidebars_width":0,"ocean_sidebar":"","ocean_second_sidebar":"","ocean_disable_margins":"enable","ocean_add_body_class":"","ocean_shortcode_before_top_bar":"","ocean_shortcode_after_top_bar":"","ocean_shortcode_before_header":"","ocean_shortcode_after_header":"","ocean_has_shortcode":"","ocean_shortcode_after_title":"","ocean_shortcode_before_footer_widgets":"","ocean_shortcode_after_footer_widgets":"","ocean_shortcode_before_footer_bottom":"","ocean_shortcode_after_footer_bottom":"","ocean_display_top_bar":"default","ocean_display_header":"default","ocean_header_style":"","ocean_center_header_left_menu":"","ocean_custom_header_template":"","ocean_custom_logo":0,"ocean_custom_retina_logo":0,"ocean_custom_logo_max_width":0,"ocean_custom_logo_tablet_max_width":0,"ocean_custom_logo_mobile_max_width":0,"ocean_custom_logo_max_height":0,"ocean_custom_logo_tablet_max_height":0,"ocean_custom_logo_mobile_max_height":0,"ocean_header_custom_menu":"","ocean_menu_typo_font_family":"","ocean_menu_typo_font_subset":"","ocean_menu_typo_font_size":0,"ocean_menu_typo_font_size_tablet":0,"ocean_menu_typo_font_size_mobile":0,"ocean_menu_typo_font_size_unit":"px","ocean_menu_typo_font_weight":"","ocean_menu_typo_font_weight_tablet":"","ocean_menu_typo_font_weight_mobile":"","ocean_menu_typo_transform":"","ocean_menu_typo_transform_tablet":"","ocean_menu_typo_transform_mobile":"","ocean_menu_typo_line_height":0,"ocean_menu_typo_line_height_tablet":0,"ocean_menu_typo_line_height_mobile":0,"ocean_menu_typo_line_height_unit":"","ocean_menu_typo_spacing":0,"ocean_menu_typo_spacing_tablet":0,"ocean_menu_typo_spacing_mobile":0,"ocean_menu_typo_spacing_unit":"","ocean_menu_link_color":"","ocean_menu_link_color_hover":"","ocean_menu_link_color_active":"","ocean_menu_link_background":"","ocean_menu_link_hover_background":"","ocean_menu_link_active_background":"","ocean_menu_social_links_bg":"","ocean_menu_social_hover_links_bg":"","ocean_menu_social_links_color":"","ocean_menu_social_hover_links_color":"","ocean_disable_title":"default","ocean_disable_heading":"default","ocean_post_title":"","ocean_post_subheading":"","ocean_post_title_style":"","ocean_post_title_background_color":"","ocean_post_title_background":0,"ocean_post_title_bg_image_position":"","ocean_post_title_bg_image_attachment":"","ocean_post_title_bg_image_repeat":"","ocean_post_title_bg_image_size":"","ocean_post_title_height":0,"ocean_post_title_bg_overlay":0.5,"ocean_post_title_bg_overlay_color":"","ocean_disable_breadcrumbs":"default","ocean_breadcrumbs_color":"","ocean_breadcrumbs_separator_color":"","ocean_breadcrumbs_links_color":"","ocean_breadcrumbs_links_hover_color":"","ocean_display_footer_widgets":"default","ocean_display_footer_bottom":"default","ocean_custom_footer_template":"","footnotes":""},"class_list":["post-1318","page","type-page","status-publish","hentry","entry"],"_links":{"self":[{"href":"https:\/\/a-rom.be\/index.php\/wp-json\/wp\/v2\/pages\/1318","targetHints":{"allow":["GET"]}}],"collection":[{"href":"https:\/\/a-rom.be\/index.php\/wp-json\/wp\/v2\/pages"}],"about":[{"href":"https:\/\/a-rom.be\/index.php\/wp-json\/wp\/v2\/types\/page"}],"author":[{"embeddable":true,"href":"https:\/\/a-rom.be\/index.php\/wp-json\/wp\/v2\/users\/1"}],"replies":[{"embeddable":true,"href":"https:\/\/a-rom.be\/index.php\/wp-json\/wp\/v2\/comments?post=1318"}],"version-history":[{"count":28,"href":"https:\/\/a-rom.be\/index.php\/wp-json\/wp\/v2\/pages\/1318\/revisions"}],"predecessor-version":[{"id":1913,"href":"https:\/\/a-rom.be\/index.php\/wp-json\/wp\/v2\/pages\/1318\/revisions\/1913"}],"wp:attachment":[{"href":"https:\/\/a-rom.be\/index.php\/wp-json\/wp\/v2\/media?parent=1318"}],"curies":[{"name":"wp","href":"https:\/\/api.w.org\/{rel}","templated":true}]}}