{"id":1966,"date":"2025-06-24T18:49:17","date_gmt":"2025-06-24T16:49:17","guid":{"rendered":"https:\/\/a-rom.be\/?page_id=1966"},"modified":"2025-06-24T23:45:31","modified_gmt":"2025-06-24T21:45:31","slug":"oracle","status":"publish","type":"page","link":"https:\/\/a-rom.be\/index.php\/oracle\/","title":{"rendered":"Mon oracle"},"content":{"rendered":"\t\t<div data-elementor-type=\"wp-page\" data-elementor-id=\"1966\" class=\"elementor elementor-1966\">\n\t\t\t\t<div class=\"elementor-element elementor-element-059bbc1 e-flex e-con-boxed jltma-glass-effect-no e-con e-parent\" data-id=\"059bbc1\" data-element_type=\"container\" data-e-type=\"container\">\n\t\t\t\t\t<div class=\"e-con-inner\">\n\t\t\t\t<div class=\"elementor-element elementor-element-ce0e903 jltma-glass-effect-no elementor-widget elementor-widget-text-editor\" data-id=\"ce0e903\" data-element_type=\"widget\" data-e-type=\"widget\" data-widget_type=\"text-editor.default\">\n\t\t\t\t<div class=\"elementor-widget-container\">\n\t\t\t\t\t\t\t\t\t<p>D\u00e9couvrez mon oracle, cr\u00e9\u00e9 en collaboration avec HYPics.<\/p><p>INTIM\u03a3MOI<\/p>\t\t\t\t\t\t\t\t<\/div>\n\t\t\t\t<\/div>\n\t\t\t\t\t<\/div>\n\t\t\t\t<\/div>\n\t\t<div class=\"elementor-element elementor-element-f36d019 e-grid e-con-boxed jltma-glass-effect-no e-con e-parent\" data-id=\"f36d019\" data-element_type=\"container\" data-e-type=\"container\">\n\t\t\t\t\t<div class=\"e-con-inner\">\n\t\t\t\t<div class=\"elementor-element elementor-element-8e01359 jltma-glass-effect-no elementor-widget elementor-widget-image\" data-id=\"8e01359\" data-element_type=\"widget\" data-e-type=\"widget\" data-widget_type=\"image.default\">\n\t\t\t\t<div class=\"elementor-widget-container\">\n\t\t\t\t\t\t\t\t\t\t\t\t\t\t\t<img fetchpriority=\"high\" decoding=\"async\" width=\"1024\" height=\"682\" src=\"https:\/\/a-rom.be\/wp-content\/uploads\/2025\/06\/b01a5b7c-72de-4cdf-a643-501f3d00c6bf-1024x682.jpg\" class=\"attachment-large size-large wp-image-1943\" alt=\"\" srcset=\"https:\/\/a-rom.be\/wp-content\/uploads\/2025\/06\/b01a5b7c-72de-4cdf-a643-501f3d00c6bf-1024x682.jpg 1024w, https:\/\/a-rom.be\/wp-content\/uploads\/2025\/06\/b01a5b7c-72de-4cdf-a643-501f3d00c6bf-300x200.jpg 300w, https:\/\/a-rom.be\/wp-content\/uploads\/2025\/06\/b01a5b7c-72de-4cdf-a643-501f3d00c6bf-768x511.jpg 768w, https:\/\/a-rom.be\/wp-content\/uploads\/2025\/06\/b01a5b7c-72de-4cdf-a643-501f3d00c6bf.jpg 1280w\" sizes=\"(max-width: 1024px) 100vw, 1024px\" \/>\t\t\t\t\t\t\t\t\t\t\t\t\t\t\t<\/div>\n\t\t\t\t<\/div>\n\t\t\t\t<div class=\"elementor-element elementor-element-aab4b39 jltma-glass-effect-no elementor-widget elementor-widget-image\" data-id=\"aab4b39\" data-element_type=\"widget\" data-e-type=\"widget\" data-widget_type=\"image.default\">\n\t\t\t\t<div class=\"elementor-widget-container\">\n\t\t\t\t\t\t\t\t\t\t\t\t\t\t\t<img decoding=\"async\" width=\"1024\" height=\"682\" src=\"https:\/\/a-rom.be\/wp-content\/uploads\/2025\/06\/d0ad8892-1af4-4209-860f-5b37566855c7-1024x682.jpg\" class=\"attachment-large size-large wp-image-1944\" alt=\"\" srcset=\"https:\/\/a-rom.be\/wp-content\/uploads\/2025\/06\/d0ad8892-1af4-4209-860f-5b37566855c7-1024x682.jpg 1024w, https:\/\/a-rom.be\/wp-content\/uploads\/2025\/06\/d0ad8892-1af4-4209-860f-5b37566855c7-300x200.jpg 300w, https:\/\/a-rom.be\/wp-content\/uploads\/2025\/06\/d0ad8892-1af4-4209-860f-5b37566855c7-768x511.jpg 768w, https:\/\/a-rom.be\/wp-content\/uploads\/2025\/06\/d0ad8892-1af4-4209-860f-5b37566855c7.jpg 1280w\" sizes=\"(max-width: 1024px) 100vw, 1024px\" \/>\t\t\t\t\t\t\t\t\t\t\t\t\t\t\t<\/div>\n\t\t\t\t<\/div>\n\t\t\t\t<div class=\"elementor-element elementor-element-174e4c0 jltma-glass-effect-no elementor-widget elementor-widget-image\" data-id=\"174e4c0\" data-element_type=\"widget\" data-e-type=\"widget\" data-widget_type=\"image.default\">\n\t\t\t\t<div class=\"elementor-widget-container\">\n\t\t\t\t\t\t\t\t\t\t\t\t\t\t\t<img decoding=\"async\" width=\"1024\" height=\"682\" src=\"https:\/\/a-rom.be\/wp-content\/uploads\/2025\/06\/a6de645e-8958-4122-acf0-25c5a875a7b9-1024x682.jpg\" class=\"attachment-large size-large wp-image-1945\" alt=\"\" srcset=\"https:\/\/a-rom.be\/wp-content\/uploads\/2025\/06\/a6de645e-8958-4122-acf0-25c5a875a7b9-1024x682.jpg 1024w, https:\/\/a-rom.be\/wp-content\/uploads\/2025\/06\/a6de645e-8958-4122-acf0-25c5a875a7b9-300x200.jpg 300w, https:\/\/a-rom.be\/wp-content\/uploads\/2025\/06\/a6de645e-8958-4122-acf0-25c5a875a7b9-768x511.jpg 768w, https:\/\/a-rom.be\/wp-content\/uploads\/2025\/06\/a6de645e-8958-4122-acf0-25c5a875a7b9.jpg 1280w\" sizes=\"(max-width: 1024px) 100vw, 1024px\" \/>\t\t\t\t\t\t\t\t\t\t\t\t\t\t\t<\/div>\n\t\t\t\t<\/div>\n\t\t\t\t\t<\/div>\n\t\t\t\t<\/div>\n\t\t<div class=\"elementor-element elementor-element-4904590 e-flex e-con-boxed jltma-glass-effect-no e-con e-parent\" data-id=\"4904590\" data-element_type=\"container\" data-e-type=\"container\">\n\t\t\t\t\t<div class=\"e-con-inner\">\n\t\t\t\t<div class=\"elementor-element elementor-element-1646162 jltma-glass-effect-no elementor-widget elementor-widget-text-editor\" data-id=\"1646162\" data-element_type=\"widget\" data-e-type=\"widget\" data-widget_type=\"text-editor.default\">\n\t\t\t\t<div class=\"elementor-widget-container\">\n\t\t\t\t\t\t\t\t\t<p data-start=\"204\" data-end=\"628\"><strong data-start=\"204\" data-end=\"254\">Intim\u03a3moi \u2013 L\u2019oracle qui \u00e9coute votre intimit\u00e9.<\/strong><br data-start=\"254\" data-end=\"257\" \/>Et si vous vous donniez la permission de vous (re)d\u00e9couvrir autrement ? <em data-start=\"329\" data-end=\"340\">Intim\u03a3moi<\/em> est un oracle sensible et visuel qui explore la relation \u00e0 soi, au corps, au d\u00e9sir, \u00e0 la tendresse et \u00e0 l\u2019intimit\u00e9. \u00c0 travers de v\u00e9ritables photographies artistiques r\u00e9alis\u00e9es par HYPICS, chaque carte devient une invitation \u00e0 vous questionner, \u00e0 ressentir, \u00e0 comprendre\u2026 sans jugement.<\/p><p data-start=\"630\" data-end=\"891\">Que vous soyez en qu\u00eate de r\u00e9ponses, en p\u00e9riode de doute, en pleine reconstruction ou simplement curieux\u00b7se d\u2019explorer votre monde int\u00e9rieur, cet oracle vous accompagne avec douceur sur le chemin de l\u2019acceptation, de la connaissance de soi et de l\u2019apaisement.<\/p><p data-start=\"630\" data-end=\"891\">Cet oracle est utilisable par tous, il n&#8217;y a donc pas besoin d&#8217;un professionnel pour pouvoir faire le tirage. Toute les instructions et les informations se trouve dans un livret fourni avec les cartes.<\/p><p data-start=\"893\" data-end=\"986\"><strong data-start=\"893\" data-end=\"986\">Prenez un moment pour vous \u00e9couter. Votre corps, vos \u00e9motions ont tant \u00e0 dire.<\/strong><\/p>\t\t\t\t\t\t\t\t<\/div>\n\t\t\t\t<\/div>\n\t\t\t\t\t<\/div>\n\t\t\t\t<\/div>\n\t\t<div class=\"elementor-element elementor-element-80a8e77 e-flex e-con-boxed jltma-glass-effect-no e-con e-parent\" data-id=\"80a8e77\" data-element_type=\"container\" data-e-type=\"container\">\n\t\t\t\t\t<div class=\"e-con-inner\">\n\t\t\t\t<div class=\"elementor-element elementor-element-36502b5 jltma-glass-effect-no elementor-widget elementor-widget-text-editor\" data-id=\"36502b5\" data-element_type=\"widget\" data-e-type=\"widget\" data-widget_type=\"text-editor.default\">\n\t\t\t\t<div class=\"elementor-widget-container\">\n\t\t\t\t\t\t\t\t\t<p><div id=\"rpt_pricr\" class=\"rpt_plans rpt_1_plans rpt_style_basic\"><div class=\"\"><div class=\"rpt_plan  rpt_plugin_f rpt_plan_0  \"><div style=\"text-align:center;\" class=\"rpt_title rpt_title_0\">Intim\u03a3moi<\/div><div class=\"rpt_head rpt_head_0\"><div class=\"rpt_price rpt_price_0\">30 \u20ac<\/div><div style=\"color:#e8858e;\" class=\"rpt_subtitle rpt_subtitle_0\">Oracle<\/div><\/div><a target=\"_blank\" href=\"https:\/\/a-rom.be\/index.php\/contact\/\" style=\"background:#e8858e\" class=\"rpt_foot rpt_foot_0\">Acheter<\/a><\/div><\/div><\/div><div style=\"clear:both;\"><\/div><\/p>\t\t\t\t\t\t\t\t<\/div>\n\t\t\t\t<\/div>\n\t\t\t\t\t<\/div>\n\t\t\t\t<\/div>\n\t\t\t\t<\/div>\n\t\t","protected":false},"excerpt":{"rendered":"<p>D\u00e9couvrez mon oracle, cr\u00e9\u00e9 en collaboration avec HYPics. INTIM\u03a3MOI Intim\u03a3moi \u2013 L\u2019oracle qui \u00e9coute votre intimit\u00e9.Et si vous vous donniez la permission de vous (re)d\u00e9couvrir autrement ? Intim\u03a3moi est un oracle sensible et visuel qui explore la relation \u00e0 soi, au corps, au d\u00e9sir, \u00e0 la tendresse et \u00e0 l\u2019intimit\u00e9. \u00c0 travers de v\u00e9ritables photographies [&hellip;]<\/p>\n","protected":false},"author":1,"featured_media":0,"parent":0,"menu_order":0,"comment_status":"closed","ping_status":"closed","template":"","meta":{"_eb_attr":"","ocean_post_layout":"","ocean_both_sidebars_style":"","ocean_both_sidebars_content_width":0,"ocean_both_sidebars_sidebars_width":0,"ocean_sidebar":"","ocean_second_sidebar":"","ocean_disable_margins":"enable","ocean_add_body_class":"","ocean_shortcode_before_top_bar":"","ocean_shortcode_after_top_bar":"","ocean_shortcode_before_header":"","ocean_shortcode_after_header":"","ocean_has_shortcode":"","ocean_shortcode_after_title":"","ocean_shortcode_before_footer_widgets":"","ocean_shortcode_after_footer_widgets":"","ocean_shortcode_before_footer_bottom":"","ocean_shortcode_after_footer_bottom":"","ocean_display_top_bar":"default","ocean_display_header":"default","ocean_header_style":"","ocean_center_header_left_menu":"","ocean_custom_header_template":"","ocean_custom_logo":0,"ocean_custom_retina_logo":0,"ocean_custom_logo_max_width":0,"ocean_custom_logo_tablet_max_width":0,"ocean_custom_logo_mobile_max_width":0,"ocean_custom_logo_max_height":0,"ocean_custom_logo_tablet_max_height":0,"ocean_custom_logo_mobile_max_height":0,"ocean_header_custom_menu":"","ocean_menu_typo_font_family":"","ocean_menu_typo_font_subset":"","ocean_menu_typo_font_size":0,"ocean_menu_typo_font_size_tablet":0,"ocean_menu_typo_font_size_mobile":0,"ocean_menu_typo_font_size_unit":"px","ocean_menu_typo_font_weight":"","ocean_menu_typo_font_weight_tablet":"","ocean_menu_typo_font_weight_mobile":"","ocean_menu_typo_transform":"","ocean_menu_typo_transform_tablet":"","ocean_menu_typo_transform_mobile":"","ocean_menu_typo_line_height":0,"ocean_menu_typo_line_height_tablet":0,"ocean_menu_typo_line_height_mobile":0,"ocean_menu_typo_line_height_unit":"","ocean_menu_typo_spacing":0,"ocean_menu_typo_spacing_tablet":0,"ocean_menu_typo_spacing_mobile":0,"ocean_menu_typo_spacing_unit":"","ocean_menu_link_color":"","ocean_menu_link_color_hover":"","ocean_menu_link_color_active":"","ocean_menu_link_background":"","ocean_menu_link_hover_background":"","ocean_menu_link_active_background":"","ocean_menu_social_links_bg":"","ocean_menu_social_hover_links_bg":"","ocean_menu_social_links_color":"","ocean_menu_social_hover_links_color":"","ocean_disable_title":"default","ocean_disable_heading":"default","ocean_post_title":"","ocean_post_subheading":"","ocean_post_title_style":"","ocean_post_title_background_color":"","ocean_post_title_background":0,"ocean_post_title_bg_image_position":"","ocean_post_title_bg_image_attachment":"","ocean_post_title_bg_image_repeat":"","ocean_post_title_bg_image_size":"","ocean_post_title_height":0,"ocean_post_title_bg_overlay":0.5,"ocean_post_title_bg_overlay_color":"","ocean_disable_breadcrumbs":"default","ocean_breadcrumbs_color":"","ocean_breadcrumbs_separator_color":"","ocean_breadcrumbs_links_color":"","ocean_breadcrumbs_links_hover_color":"","ocean_display_footer_widgets":"default","ocean_display_footer_bottom":"default","ocean_custom_footer_template":"","footnotes":""},"class_list":["post-1966","page","type-page","status-publish","hentry","entry"],"_links":{"self":[{"href":"https:\/\/a-rom.be\/index.php\/wp-json\/wp\/v2\/pages\/1966","targetHints":{"allow":["GET"]}}],"collection":[{"href":"https:\/\/a-rom.be\/index.php\/wp-json\/wp\/v2\/pages"}],"about":[{"href":"https:\/\/a-rom.be\/index.php\/wp-json\/wp\/v2\/types\/page"}],"author":[{"embeddable":true,"href":"https:\/\/a-rom.be\/index.php\/wp-json\/wp\/v2\/users\/1"}],"replies":[{"embeddable":true,"href":"https:\/\/a-rom.be\/index.php\/wp-json\/wp\/v2\/comments?post=1966"}],"version-history":[{"count":4,"href":"https:\/\/a-rom.be\/index.php\/wp-json\/wp\/v2\/pages\/1966\/revisions"}],"predecessor-version":[{"id":1990,"href":"https:\/\/a-rom.be\/index.php\/wp-json\/wp\/v2\/pages\/1966\/revisions\/1990"}],"wp:attachment":[{"href":"https:\/\/a-rom.be\/index.php\/wp-json\/wp\/v2\/media?parent=1966"}],"curies":[{"name":"wp","href":"https:\/\/api.w.org\/{rel}","templated":true}]}}